{"id":6266,"date":"2022-05-03T12:09:39","date_gmt":"2022-05-03T17:09:39","guid":{"rendered":"https:\/\/bibliotecas.uvmnet.edu\/portico\/gui\/?page_id=6266"},"modified":"2025-05-09T13:14:31","modified_gmt":"2025-05-09T19:14:31","slug":"sso-365","status":"publish","type":"page","link":"https:\/\/bibliotecas.uvmnet.edu\/portico\/gui\/index.php\/sso-365\/","title":{"rendered":"SSO 365"},"content":{"rendered":"\t\t<div data-elementor-type=\"wp-page\" data-elementor-id=\"6266\" class=\"elementor elementor-6266\">\n\t\t\t\t\t\t<section class=\"elementor-section elementor-top-section elementor-element elementor-element-35cbb888 elementor-section-full_width animated-slow elementor-section-height-default elementor-section-height-default elementor-invisible\" data-id=\"35cbb888\" data-element_type=\"section\" data-e-type=\"section\" data-settings=\"{&quot;background_background&quot;:&quot;classic&quot;,&quot;animation&quot;:&quot;fadeIn&quot;}\">\n\t\t\t\t\t\t<div class=\"elementor-container elementor-column-gap-no\">\n\t\t\t\t\t<div class=\"elementor-column elementor-col-100 elementor-top-column elementor-element elementor-element-5f24f09\" data-id=\"5f24f09\" data-element_type=\"column\" data-e-type=\"column\">\n\t\t\t<div class=\"elementor-widget-wrap elementor-element-populated\">\n\t\t\t\t\t\t<section class=\"elementor-section elementor-inner-section elementor-element elementor-element-62388370 elementor-section-full_width elementor-section-content-middle elementor-section-height-default elementor-section-height-default\" data-id=\"62388370\" data-element_type=\"section\" data-e-type=\"section\">\n\t\t\t\t\t\t<div class=\"elementor-container elementor-column-gap-no\">\n\t\t\t\t\t<div class=\"elementor-column elementor-col-50 elementor-inner-column elementor-element elementor-element-2ea5449a\" data-id=\"2ea5449a\" data-element_type=\"column\" data-e-type=\"column\">\n\t\t\t<div class=\"elementor-widget-wrap elementor-element-populated\">\n\t\t\t\t\t\t<div class=\"elementor-element elementor-element-5f1be176 elementor-widget elementor-widget-image\" data-id=\"5f1be176\" data-element_type=\"widget\" data-e-type=\"widget\" data-widget_type=\"image.default\">\n\t\t\t\t<div class=\"elementor-widget-container\">\n\t\t\t\t\t\t\t\t\t\t\t\t\t\t\t<img fetchpriority=\"high\" decoding=\"async\" width=\"960\" height=\"1100\" src=\"https:\/\/bibliotecas.uvmnet.edu\/portico\/gui\/wp-content\/uploads\/2024\/06\/\u00a1todos-a-bordo-5.png\" class=\"attachment-full size-full wp-image-8544\" alt=\"\" srcset=\"https:\/\/bibliotecas.uvmnet.edu\/portico\/gui\/wp-content\/uploads\/2024\/06\/\u00a1todos-a-bordo-5.png 960w, https:\/\/bibliotecas.uvmnet.edu\/portico\/gui\/wp-content\/uploads\/2024\/06\/\u00a1todos-a-bordo-5-262x300.png 262w, https:\/\/bibliotecas.uvmnet.edu\/portico\/gui\/wp-content\/uploads\/2024\/06\/\u00a1todos-a-bordo-5-894x1024.png 894w, https:\/\/bibliotecas.uvmnet.edu\/portico\/gui\/wp-content\/uploads\/2024\/06\/\u00a1todos-a-bordo-5-768x880.png 768w, https:\/\/bibliotecas.uvmnet.edu\/portico\/gui\/wp-content\/uploads\/2024\/06\/\u00a1todos-a-bordo-5-230x264.png 230w, https:\/\/bibliotecas.uvmnet.edu\/portico\/gui\/wp-content\/uploads\/2024\/06\/\u00a1todos-a-bordo-5-350x401.png 350w, https:\/\/bibliotecas.uvmnet.edu\/portico\/gui\/wp-content\/uploads\/2024\/06\/\u00a1todos-a-bordo-5-480x550.png 480w\" sizes=\"(max-width: 960px) 100vw, 960px\" \/>\t\t\t\t\t\t\t\t\t\t\t\t\t\t\t<\/div>\n\t\t\t\t<\/div>\n\t\t\t\t\t<\/div>\n\t\t<\/div>\n\t\t\t\t<div class=\"elementor-column elementor-col-50 elementor-inner-column elementor-element elementor-element-365fbebe\" data-id=\"365fbebe\" data-element_type=\"column\" data-e-type=\"column\">\n\t\t\t<div class=\"elementor-widget-wrap elementor-element-populated\">\n\t\t\t\t\t\t<div class=\"elementor-element elementor-element-15876eef elementor-widget__width-initial elementor-widget elementor-widget-heading\" data-id=\"15876eef\" data-element_type=\"widget\" data-e-type=\"widget\" data-widget_type=\"heading.default\">\n\t\t\t\t<div class=\"elementor-widget-container\">\n\t\t\t\t\t<h2 class=\"elementor-heading-title elementor-size-default\">Bienvenid@ a la Biblioteca Digital P\u00f3rtico<\/h2>\t\t\t\t<\/div>\n\t\t\t\t<\/div>\n\t\t\t\t<div class=\"elementor-element elementor-element-074b2cd animated-slow elementor-invisible elementor-widget elementor-widget-eael-creative-button\" data-id=\"074b2cd\" data-element_type=\"widget\" data-e-type=\"widget\" data-settings=\"{&quot;_animation&quot;:&quot;fadeInDown&quot;}\" data-widget_type=\"eael-creative-button.default\">\n\t\t\t\t<div class=\"elementor-widget-container\">\n\t\t\t\t\t        <div class=\"eael-creative-button-wrapper\">\n\n            <a class=\"eael-creative-button eael-creative-button--default eael-cb-icon-position-\" href=\"https:\/\/bibliotecas.uvmnet.edu\/portico\/gui\/?option=saml_user_login&#038;idp=buv648&#038;redirect_to=https:\/\/bibliotecas.uvmnet.edu\/portico\/gui\/index.php\/bases-datos\/\" data-text=\"\">\n            \t    \n                <div class=\"creative-button-inner\">\n\n                    \n                    <span class=\"cretive-button-text\">Inicia sesi\u00f3n con tu cuenta @my.uvm.edu.mx<\/span>\n\n                                    <\/div>\n\t                        <\/a>\n        <\/div>\n        \t\t\t\t<\/div>\n\t\t\t\t<\/div>\n\t\t\t\t<div class=\"elementor-element elementor-element-7103e38 animated-slow elementor-invisible elementor-widget elementor-widget-eael-creative-button\" data-id=\"7103e38\" data-element_type=\"widget\" data-e-type=\"widget\" data-settings=\"{&quot;_animation&quot;:&quot;fadeInUp&quot;}\" data-widget_type=\"eael-creative-button.default\">\n\t\t\t\t<div class=\"elementor-widget-container\">\n\t\t\t\t\t        <div class=\"eael-creative-button-wrapper\">\n\n            <a class=\"eael-creative-button eael-creative-button--default eael-cb-icon-position-\" href=\"https:\/\/bibliotecas.uvmnet.edu\/portico\/gui\/?option=saml_user_login&#038;idp=AD365Admin&#038;redirect_to=https:\/\/bibliotecas.uvmnet.edu\/portico\/gui\/index.php\/bases-datos\/\" data-text=\"\">\n            \t    \n                <div class=\"creative-button-inner\">\n\n                    \n                    <span class=\"cretive-button-text\">Inicia sesi\u00f3n con tu cuenta @uvmnet.edu<\/span>\n\n                                    <\/div>\n\t                        <\/a>\n        <\/div>\n        \t\t\t\t<\/div>\n\t\t\t\t<\/div>\n\t\t\t\t<div class=\"elementor-element elementor-element-19b7bbf eael-tooltip-align-center animated-slow elementor-invisible elementor-widget elementor-widget-eael-tooltip\" data-id=\"19b7bbf\" data-element_type=\"widget\" data-e-type=\"widget\" data-settings=\"{&quot;_animation&quot;:&quot;fadeInUp&quot;}\" data-widget_type=\"eael-tooltip.default\">\n\t\t\t\t<div class=\"elementor-widget-container\">\n\t\t\t\t\t\t<div class=\"eael-tooltip\">\n\t\t\t\t\t<span class=\"eael-tooltip-content\" tabindex=\"0\" aria-describedby=\"tooltip-text-19b7bbf\">\t\t\t\t\t\t\t<i aria-hidden=\"true\" class=\"fas fa-question-circle\"><\/i>\t\t\t<\/span>\n  \t\t\t<span id=\"tooltip-text-19b7bbf\" class=\"eael-tooltip-text eael-tooltip-right\" role=\"tooltip\"><p>Si olvidaste tu contrase\u00f1a por favor escribe al CAE de tu campus para que puedan actualizar tu correo.<br \/>Da clic <a href=\"https:\/\/bit.ly\/3HBEBZb\" target=\"_blank\" rel=\"noopener\">aqui<\/a> para encontrar toda la informaci\u00f3n.<\/p><\/span>\n  \t\t\t<\/div>\n\t\t\t\t\t<\/div>\n\t\t\t\t<\/div>\n\t\t\t\t\t<\/div>\n\t\t<\/div>\n\t\t\t\t\t<\/div>\n\t\t<\/section>\n\t\t\t\t\t<\/div>\n\t\t<\/div>\n\t\t\t\t\t<\/div>\n\t\t<\/section>\n\t\t\t\t<\/div>\n\t\t","protected":false},"excerpt":{"rendered":"<p>Bienvenid@ a la Biblioteca Digital P\u00f3rtico Inicia sesi\u00f3n con tu cuenta @my.uvm.edu.mx Inicia sesi\u00f3n con tu cuenta @uvmnet.edu Si olvidaste tu contrase\u00f1a [&hellip;]<\/p>\n","protected":false},"author":5,"featured_media":0,"parent":0,"menu_order":0,"comment_status":"closed","ping_status":"closed","template":"elementor_header_footer","meta":{"_acf_changed":false,"_eb_attr":"","om_disable_all_campaigns":false,"_monsterinsights_skip_tracking":false,"_monsterinsights_sitenote_active":false,"_monsterinsights_sitenote_note":"","_monsterinsights_sitenote_category":0,"footnotes":""},"class_list":["post-6266","page","type-page","status-publish","hentry"],"acf":[],"aioseo_notices":[],"_links":{"self":[{"href":"https:\/\/bibliotecas.uvmnet.edu\/portico\/gui\/index.php\/wp-json\/wp\/v2\/pages\/6266","targetHints":{"allow":["GET"]}}],"collection":[{"href":"https:\/\/bibliotecas.uvmnet.edu\/portico\/gui\/index.php\/wp-json\/wp\/v2\/pages"}],"about":[{"href":"https:\/\/bibliotecas.uvmnet.edu\/portico\/gui\/index.php\/wp-json\/wp\/v2\/types\/page"}],"author":[{"embeddable":true,"href":"https:\/\/bibliotecas.uvmnet.edu\/portico\/gui\/index.php\/wp-json\/wp\/v2\/users\/5"}],"replies":[{"embeddable":true,"href":"https:\/\/bibliotecas.uvmnet.edu\/portico\/gui\/index.php\/wp-json\/wp\/v2\/comments?post=6266"}],"version-history":[{"count":75,"href":"https:\/\/bibliotecas.uvmnet.edu\/portico\/gui\/index.php\/wp-json\/wp\/v2\/pages\/6266\/revisions"}],"predecessor-version":[{"id":9131,"href":"https:\/\/bibliotecas.uvmnet.edu\/portico\/gui\/index.php\/wp-json\/wp\/v2\/pages\/6266\/revisions\/9131"}],"wp:attachment":[{"href":"https:\/\/bibliotecas.uvmnet.edu\/portico\/gui\/index.php\/wp-json\/wp\/v2\/media?parent=6266"}],"curies":[{"name":"wp","href":"https:\/\/api.w.org\/{rel}","templated":true}]}}