{"id":7632,"date":"2023-11-24T09:43:38","date_gmt":"2023-11-24T15:43:38","guid":{"rendered":"https:\/\/bibliotecas.uvmnet.edu\/portico\/gui\/?page_id=7632"},"modified":"2026-02-09T10:06:55","modified_gmt":"2026-02-09T16:06:55","slug":"biblioteca-cumbres-copy","status":"publish","type":"page","link":"https:\/\/bibliotecas.uvmnet.edu\/portico\/gui\/index.php\/biblioteca-cumbres-copy\/","title":{"rendered":"Biblioteca Aguascalientes NUEVO"},"content":{"rendered":"<p><a href=\"https:\/\/bibliotecas.uvmnet.edu\/portico\/gui\/index.php\/bibliotecas-uvm\/\" data-text=\"Bibliotecas UVM\"><br \/>\n                    Regresar<br \/>\n\t                        <\/a><br \/>\n\t\t\t\t\t\t\t\t\t\t\t\t\t\t\t<img fetchpriority=\"high\" decoding=\"async\" width=\"768\" height=\"1024\" src=\"https:\/\/bibliotecas.uvmnet.edu\/portico\/gui\/wp-content\/uploads\/2020\/03\/IMG_20200124_135757-min-768x1024.jpg\" alt=\"\" srcset=\"https:\/\/bibliotecas.uvmnet.edu\/portico\/gui\/wp-content\/uploads\/2020\/03\/IMG_20200124_135757-min-768x1024.jpg 768w, https:\/\/bibliotecas.uvmnet.edu\/portico\/gui\/wp-content\/uploads\/2020\/03\/IMG_20200124_135757-min-225x300.jpg 225w, https:\/\/bibliotecas.uvmnet.edu\/portico\/gui\/wp-content\/uploads\/2020\/03\/IMG_20200124_135757-min-1152x1536.jpg 1152w, https:\/\/bibliotecas.uvmnet.edu\/portico\/gui\/wp-content\/uploads\/2020\/03\/IMG_20200124_135757-min-1536x2048.jpg 1536w, https:\/\/bibliotecas.uvmnet.edu\/portico\/gui\/wp-content\/uploads\/2020\/03\/IMG_20200124_135757-min-830x1107.jpg 830w, https:\/\/bibliotecas.uvmnet.edu\/portico\/gui\/wp-content\/uploads\/2020\/03\/IMG_20200124_135757-min-230x307.jpg 230w, https:\/\/bibliotecas.uvmnet.edu\/portico\/gui\/wp-content\/uploads\/2020\/03\/IMG_20200124_135757-min-350x467.jpg 350w, https:\/\/bibliotecas.uvmnet.edu\/portico\/gui\/wp-content\/uploads\/2020\/03\/IMG_20200124_135757-min-480x640.jpg 480w, https:\/\/bibliotecas.uvmnet.edu\/portico\/gui\/wp-content\/uploads\/2020\/03\/IMG_20200124_135757-min-scaled.jpg 1920w\" sizes=\"(max-width: 768px) 100vw, 768px\" \/><br \/>\n\t\t\t\t\t\t\t\t\t\t\t\t\t\t\t<img decoding=\"async\" width=\"1024\" height=\"768\" src=\"https:\/\/bibliotecas.uvmnet.edu\/portico\/gui\/wp-content\/uploads\/2020\/11\/Aguascalientes4-min-1024x768.jpg\" alt=\"\" srcset=\"https:\/\/bibliotecas.uvmnet.edu\/portico\/gui\/wp-content\/uploads\/2020\/11\/Aguascalientes4-min-1024x768.jpg 1024w, https:\/\/bibliotecas.uvmnet.edu\/portico\/gui\/wp-content\/uploads\/2020\/11\/Aguascalientes4-min-300x225.jpg 300w, https:\/\/bibliotecas.uvmnet.edu\/portico\/gui\/wp-content\/uploads\/2020\/11\/Aguascalientes4-min-768x576.jpg 768w, https:\/\/bibliotecas.uvmnet.edu\/portico\/gui\/wp-content\/uploads\/2020\/11\/Aguascalientes4-min-830x623.jpg 830w, https:\/\/bibliotecas.uvmnet.edu\/portico\/gui\/wp-content\/uploads\/2020\/11\/Aguascalientes4-min-230x173.jpg 230w, https:\/\/bibliotecas.uvmnet.edu\/portico\/gui\/wp-content\/uploads\/2020\/11\/Aguascalientes4-min-350x263.jpg 350w, https:\/\/bibliotecas.uvmnet.edu\/portico\/gui\/wp-content\/uploads\/2020\/11\/Aguascalientes4-min-480x360.jpg 480w, https:\/\/bibliotecas.uvmnet.edu\/portico\/gui\/wp-content\/uploads\/2020\/11\/Aguascalientes4-min.jpg 1280w\" sizes=\"(max-width: 1024px) 100vw, 1024px\" \/><br \/>\n\t\t\t\t\t\t\t\t\t\t\t\t\t\t\t<img decoding=\"async\" width=\"1024\" height=\"768\" src=\"https:\/\/bibliotecas.uvmnet.edu\/portico\/gui\/wp-content\/uploads\/2020\/11\/Aguascalientes2-min-1024x768.jpg\" alt=\"\" srcset=\"https:\/\/bibliotecas.uvmnet.edu\/portico\/gui\/wp-content\/uploads\/2020\/11\/Aguascalientes2-min-1024x768.jpg 1024w, https:\/\/bibliotecas.uvmnet.edu\/portico\/gui\/wp-content\/uploads\/2020\/11\/Aguascalientes2-min-300x225.jpg 300w, https:\/\/bibliotecas.uvmnet.edu\/portico\/gui\/wp-content\/uploads\/2020\/11\/Aguascalientes2-min-768x576.jpg 768w, https:\/\/bibliotecas.uvmnet.edu\/portico\/gui\/wp-content\/uploads\/2020\/11\/Aguascalientes2-min-830x623.jpg 830w, https:\/\/bibliotecas.uvmnet.edu\/portico\/gui\/wp-content\/uploads\/2020\/11\/Aguascalientes2-min-230x173.jpg 230w, https:\/\/bibliotecas.uvmnet.edu\/portico\/gui\/wp-content\/uploads\/2020\/11\/Aguascalientes2-min-350x263.jpg 350w, https:\/\/bibliotecas.uvmnet.edu\/portico\/gui\/wp-content\/uploads\/2020\/11\/Aguascalientes2-min-480x360.jpg 480w, https:\/\/bibliotecas.uvmnet.edu\/portico\/gui\/wp-content\/uploads\/2020\/11\/Aguascalientes2-min.jpg 1280w\" sizes=\"(max-width: 1024px) 100vw, 1024px\" \/><br \/>\n\t\t\t\t\t\t\t\t\t\t\t\t\t\t\t<img loading=\"lazy\" decoding=\"async\" width=\"1024\" height=\"768\" src=\"https:\/\/bibliotecas.uvmnet.edu\/portico\/gui\/wp-content\/uploads\/2020\/11\/Aguascalientes5-min-1024x768.jpg\" alt=\"\" srcset=\"https:\/\/bibliotecas.uvmnet.edu\/portico\/gui\/wp-content\/uploads\/2020\/11\/Aguascalientes5-min-1024x768.jpg 1024w, https:\/\/bibliotecas.uvmnet.edu\/portico\/gui\/wp-content\/uploads\/2020\/11\/Aguascalientes5-min-300x225.jpg 300w, https:\/\/bibliotecas.uvmnet.edu\/portico\/gui\/wp-content\/uploads\/2020\/11\/Aguascalientes5-min-768x576.jpg 768w, https:\/\/bibliotecas.uvmnet.edu\/portico\/gui\/wp-content\/uploads\/2020\/11\/Aguascalientes5-min-830x623.jpg 830w, https:\/\/bibliotecas.uvmnet.edu\/portico\/gui\/wp-content\/uploads\/2020\/11\/Aguascalientes5-min-230x173.jpg 230w, https:\/\/bibliotecas.uvmnet.edu\/portico\/gui\/wp-content\/uploads\/2020\/11\/Aguascalientes5-min-350x263.jpg 350w, https:\/\/bibliotecas.uvmnet.edu\/portico\/gui\/wp-content\/uploads\/2020\/11\/Aguascalientes5-min-480x360.jpg 480w, https:\/\/bibliotecas.uvmnet.edu\/portico\/gui\/wp-content\/uploads\/2020\/11\/Aguascalientes5-min.jpg 1280w\" sizes=\"(max-width: 1024px) 100vw, 1024px\" \/>\t\t\t\t\t\t\t\t\t\t\t\t\t\t\t<\/p>\n<h3>Biblioteca UVM Aguascalientes<\/h3>\n<h3>Con\u00f3cenos<\/h3>\n<p>Encuentra toda la informaci\u00f3n de tu Biblioteca UVM<\/p>\n<figure><a href=\"#\" tabindex=\"-1\"><img loading=\"lazy\" decoding=\"async\" width=\"64\" height=\"64\" src=\"https:\/\/bibliotecas.uvmnet.edu\/portico\/gui\/wp-content\/uploads\/2023\/11\/girar.png\" alt=\"\" \/><\/a><\/figure>\n<h4><a href=\"#\">Horarios<\/a><\/h4>\n<p>Lunes a Viernes: <br \/>7:00 a 22:00 hrs.<br \/>\n<br \/>S\u00e1bado: 8:00 a 15:00 hrs\n<\/p>\n<figure><a href=\"#\" tabindex=\"-1\"><img loading=\"lazy\" decoding=\"async\" width=\"64\" height=\"64\" src=\"https:\/\/bibliotecas.uvmnet.edu\/portico\/gui\/wp-content\/uploads\/2023\/11\/girar.png\" alt=\"\" \/><\/a><\/figure>\n<h4><a href=\"#\">Tel\u00e9fonos<\/a><\/h4>\n<p>449 910 2810<br \/>\nExt: 13008<\/p>\n<figure><a href=\"#\" tabindex=\"-1\"><img loading=\"lazy\" decoding=\"async\" width=\"64\" height=\"64\" src=\"https:\/\/bibliotecas.uvmnet.edu\/portico\/gui\/wp-content\/uploads\/2023\/11\/girar.png\" alt=\"\" \/><\/a><\/figure>\n<h4><a href=\"#\">Ubicaci\u00f3n<\/a><\/h4>\n<p>\t\t\t<iframe loading=\"lazy\"\n\t\t\t\t\tsrc=\"https:\/\/maps.google.com\/maps?q=UVM%20AGUASCALIENTES&#038;t=m&#038;z=15&#038;output=embed&#038;iwloc=near\"\n\t\t\t\t\ttitle=\"UVM AGUASCALIENTES\"\n\t\t\t\t\taria-label=\"UVM AGUASCALIENTES\"\n\t\t\t><\/iframe><\/p>\n<h3>Equipo de Bibliotecarios UVM<\/h3>\n<h4>\n\t\t\t\t\t\t\tcoordinadora de Biblioteca Aguascalientes<br \/>\n\t\t\t\t\t<\/h4>\n<p>\n\t\t\t\t\t\tLeticia Mendoza Zaraz\u00faa<br \/>\nlmendozaz@uvmnet.edu\t\t\t\t\t<\/p>\n<h4>\n\t\t\t\t\t\t\tAuxiliar de Biblioteca UVM<br \/>\n\t\t\t\t\t<\/h4>\n<p>\n\t\t\t\t\t\tJuan Gerardo Esquivel Bocanegra<br \/>\njuan.esquivelb@uvmnet.edu\t\t\t\t\t<\/p>\n","protected":false},"excerpt":{"rendered":"<p>Regresar Biblioteca UVM Aguascalientes Con\u00f3cenos Encuentra toda la informaci\u00f3n de tu Biblioteca UVM Horarios Lunes a Viernes: 7:00 a 22:00 hrs. S\u00e1bado: [&hellip;]<\/p>\n","protected":false},"author":5,"featured_media":0,"parent":0,"menu_order":0,"comment_status":"closed","ping_status":"closed","template":"elementor_header_footer","meta":{"_acf_changed":false,"_eb_attr":"","om_disable_all_campaigns":false,"_monsterinsights_skip_tracking":false,"_monsterinsights_sitenote_active":false,"_monsterinsights_sitenote_note":"","_monsterinsights_sitenote_category":0,"footnotes":""},"class_list":["post-7632","page","type-page","status-publish","hentry"],"acf":[],"aioseo_notices":[],"_links":{"self":[{"href":"https:\/\/bibliotecas.uvmnet.edu\/portico\/gui\/index.php\/wp-json\/wp\/v2\/pages\/7632","targetHints":{"allow":["GET"]}}],"collection":[{"href":"https:\/\/bibliotecas.uvmnet.edu\/portico\/gui\/index.php\/wp-json\/wp\/v2\/pages"}],"about":[{"href":"https:\/\/bibliotecas.uvmnet.edu\/portico\/gui\/index.php\/wp-json\/wp\/v2\/types\/page"}],"author":[{"embeddable":true,"href":"https:\/\/bibliotecas.uvmnet.edu\/portico\/gui\/index.php\/wp-json\/wp\/v2\/users\/5"}],"replies":[{"embeddable":true,"href":"https:\/\/bibliotecas.uvmnet.edu\/portico\/gui\/index.php\/wp-json\/wp\/v2\/comments?post=7632"}],"version-history":[{"count":11,"href":"https:\/\/bibliotecas.uvmnet.edu\/portico\/gui\/index.php\/wp-json\/wp\/v2\/pages\/7632\/revisions"}],"predecessor-version":[{"id":9958,"href":"https:\/\/bibliotecas.uvmnet.edu\/portico\/gui\/index.php\/wp-json\/wp\/v2\/pages\/7632\/revisions\/9958"}],"wp:attachment":[{"href":"https:\/\/bibliotecas.uvmnet.edu\/portico\/gui\/index.php\/wp-json\/wp\/v2\/media?parent=7632"}],"curies":[{"name":"wp","href":"https:\/\/api.w.org\/{rel}","templated":true}]}}