{"id":7641,"date":"2023-11-24T10:15:26","date_gmt":"2023-11-24T16:15:26","guid":{"rendered":"https:\/\/bibliotecas.uvmnet.edu\/portico\/gui\/?page_id=7641"},"modified":"2024-01-10T08:32:59","modified_gmt":"2024-01-10T14:32:59","slug":"biblioteca-chihuahua-nuevo","status":"publish","type":"page","link":"https:\/\/bibliotecas.uvmnet.edu\/portico\/gui\/index.php\/biblioteca-chihuahua-nuevo\/","title":{"rendered":"Biblioteca Chihuahua NUEVO"},"content":{"rendered":"\t\t<div data-elementor-type=\"wp-page\" data-elementor-id=\"7641\" class=\"elementor elementor-7641\">\n\t\t\t\t\t\t<section class=\"elementor-section elementor-top-section elementor-element elementor-element-268c237 elementor-section-boxed elementor-section-height-default elementor-section-height-default\" data-id=\"268c237\" data-element_type=\"section\">\n\t\t\t\t\t\t<div class=\"elementor-container elementor-column-gap-default\">\n\t\t\t\t\t<div class=\"elementor-column elementor-col-50 elementor-top-column elementor-element elementor-element-f6df234\" data-id=\"f6df234\" data-element_type=\"column\">\n\t\t\t<div class=\"elementor-widget-wrap\">\n\t\t\t\t\t\t\t<\/div>\n\t\t<\/div>\n\t\t\t\t<div class=\"elementor-column elementor-col-50 elementor-top-column elementor-element elementor-element-73a0dd7\" data-id=\"73a0dd7\" data-element_type=\"column\">\n\t\t\t<div class=\"elementor-widget-wrap elementor-element-populated\">\n\t\t\t\t\t\t<div class=\"elementor-element elementor-element-f96da4f elementor-widget elementor-widget-eael-creative-button\" data-id=\"f96da4f\" data-element_type=\"widget\" data-widget_type=\"eael-creative-button.default\">\n\t\t\t\t<div class=\"elementor-widget-container\">\n\t\t\t\t\t        <div class=\"eael-creative-button-wrapper\">\n\n            <a class=\"eael-creative-button eael-creative-button--rayen\" href=\"https:\/\/bibliotecas.uvmnet.edu\/portico\/gui\/index.php\/bibliotecas-uvm\/\" data-text=\"Bibliotecas UVM\">\n            \t    \n                <div class=\"creative-button-inner\">\n\n                    \n                    <span class=\"cretive-button-text\">Regresar<\/span>\n\n                                    <\/div>\n\t                        <\/a>\n        <\/div>\n        \t\t\t\t<\/div>\n\t\t\t\t<\/div>\n\t\t\t\t\t<\/div>\n\t\t<\/div>\n\t\t\t\t\t<\/div>\n\t\t<\/section>\n\t\t\t\t<section class=\"elementor-section elementor-top-section elementor-element elementor-element-15d0935e elementor-section-full_width elementor-section-content-middle elementor-reverse-tablet elementor-reverse-mobile elementor-section-height-default elementor-section-height-default\" data-id=\"15d0935e\" data-element_type=\"section\">\n\t\t\t\t\t\t<div class=\"elementor-container elementor-column-gap-no\">\n\t\t\t\t\t<div class=\"elementor-column elementor-col-25 elementor-top-column elementor-element elementor-element-3e7cdbd7\" data-id=\"3e7cdbd7\" data-element_type=\"column\">\n\t\t\t<div class=\"elementor-widget-wrap elementor-element-populated\">\n\t\t\t\t\t\t<div class=\"elementor-element elementor-element-122a387f elementor-widget elementor-widget-image\" data-id=\"122a387f\" data-element_type=\"widget\" data-widget_type=\"image.default\">\n\t\t\t\t<div class=\"elementor-widget-container\">\n\t\t\t\t\t\t\t\t\t\t\t\t\t\t\t<img fetchpriority=\"high\" decoding=\"async\" width=\"768\" height=\"1024\" src=\"https:\/\/bibliotecas.uvmnet.edu\/portico\/gui\/wp-content\/uploads\/2020\/03\/IMG_20200124_135757-min-768x1024.jpg\" class=\"attachment-large size-large wp-image-808\" alt=\"\" srcset=\"https:\/\/bibliotecas.uvmnet.edu\/portico\/gui\/wp-content\/uploads\/2020\/03\/IMG_20200124_135757-min-768x1024.jpg 768w, https:\/\/bibliotecas.uvmnet.edu\/portico\/gui\/wp-content\/uploads\/2020\/03\/IMG_20200124_135757-min-225x300.jpg 225w, https:\/\/bibliotecas.uvmnet.edu\/portico\/gui\/wp-content\/uploads\/2020\/03\/IMG_20200124_135757-min-1152x1536.jpg 1152w, https:\/\/bibliotecas.uvmnet.edu\/portico\/gui\/wp-content\/uploads\/2020\/03\/IMG_20200124_135757-min-1536x2048.jpg 1536w, https:\/\/bibliotecas.uvmnet.edu\/portico\/gui\/wp-content\/uploads\/2020\/03\/IMG_20200124_135757-min-830x1107.jpg 830w, https:\/\/bibliotecas.uvmnet.edu\/portico\/gui\/wp-content\/uploads\/2020\/03\/IMG_20200124_135757-min-230x307.jpg 230w, https:\/\/bibliotecas.uvmnet.edu\/portico\/gui\/wp-content\/uploads\/2020\/03\/IMG_20200124_135757-min-350x467.jpg 350w, https:\/\/bibliotecas.uvmnet.edu\/portico\/gui\/wp-content\/uploads\/2020\/03\/IMG_20200124_135757-min-480x640.jpg 480w, https:\/\/bibliotecas.uvmnet.edu\/portico\/gui\/wp-content\/uploads\/2020\/03\/IMG_20200124_135757-min-scaled.jpg 1920w\" sizes=\"(max-width: 768px) 100vw, 768px\" \/>\t\t\t\t\t\t\t\t\t\t\t\t\t\t\t<\/div>\n\t\t\t\t<\/div>\n\t\t\t\t<div class=\"elementor-element elementor-element-6e94f89c elementor-widget elementor-widget-image\" data-id=\"6e94f89c\" data-element_type=\"widget\" data-widget_type=\"image.default\">\n\t\t\t\t<div class=\"elementor-widget-container\">\n\t\t\t\t\t\t\t\t\t\t\t\t\t\t\t<img decoding=\"async\" width=\"768\" height=\"1024\" src=\"https:\/\/bibliotecas.uvmnet.edu\/portico\/gui\/wp-content\/uploads\/2020\/03\/IMG_20200124_135818-min-768x1024.jpg\" class=\"attachment-large size-large wp-image-807\" alt=\"\" srcset=\"https:\/\/bibliotecas.uvmnet.edu\/portico\/gui\/wp-content\/uploads\/2020\/03\/IMG_20200124_135818-min-768x1024.jpg 768w, https:\/\/bibliotecas.uvmnet.edu\/portico\/gui\/wp-content\/uploads\/2020\/03\/IMG_20200124_135818-min-225x300.jpg 225w, https:\/\/bibliotecas.uvmnet.edu\/portico\/gui\/wp-content\/uploads\/2020\/03\/IMG_20200124_135818-min-1152x1536.jpg 1152w, https:\/\/bibliotecas.uvmnet.edu\/portico\/gui\/wp-content\/uploads\/2020\/03\/IMG_20200124_135818-min-1536x2048.jpg 1536w, https:\/\/bibliotecas.uvmnet.edu\/portico\/gui\/wp-content\/uploads\/2020\/03\/IMG_20200124_135818-min-830x1107.jpg 830w, https:\/\/bibliotecas.uvmnet.edu\/portico\/gui\/wp-content\/uploads\/2020\/03\/IMG_20200124_135818-min-230x307.jpg 230w, https:\/\/bibliotecas.uvmnet.edu\/portico\/gui\/wp-content\/uploads\/2020\/03\/IMG_20200124_135818-min-350x467.jpg 350w, https:\/\/bibliotecas.uvmnet.edu\/portico\/gui\/wp-content\/uploads\/2020\/03\/IMG_20200124_135818-min-480x640.jpg 480w, https:\/\/bibliotecas.uvmnet.edu\/portico\/gui\/wp-content\/uploads\/2020\/03\/IMG_20200124_135818-min-scaled.jpg 1920w\" sizes=\"(max-width: 768px) 100vw, 768px\" \/>\t\t\t\t\t\t\t\t\t\t\t\t\t\t\t<\/div>\n\t\t\t\t<\/div>\n\t\t\t\t\t<\/div>\n\t\t<\/div>\n\t\t\t\t<div class=\"elementor-column elementor-col-25 elementor-top-column elementor-element elementor-element-3f76e3a0\" data-id=\"3f76e3a0\" data-element_type=\"column\">\n\t\t\t<div class=\"elementor-widget-wrap elementor-element-populated\">\n\t\t\t\t\t\t<div class=\"elementor-element elementor-element-4773472e elementor-widget elementor-widget-image\" data-id=\"4773472e\" data-element_type=\"widget\" data-widget_type=\"image.default\">\n\t\t\t\t<div class=\"elementor-widget-container\">\n\t\t\t\t\t\t\t\t\t\t\t\t\t\t\t<img decoding=\"async\" width=\"844\" height=\"486\" src=\"https:\/\/bibliotecas.uvmnet.edu\/portico\/gui\/wp-content\/uploads\/2020\/03\/biblioteca-CHIHUAHUA.jpg\" class=\"attachment-large size-large wp-image-883\" alt=\"\" srcset=\"https:\/\/bibliotecas.uvmnet.edu\/portico\/gui\/wp-content\/uploads\/2020\/03\/biblioteca-CHIHUAHUA.jpg 844w, https:\/\/bibliotecas.uvmnet.edu\/portico\/gui\/wp-content\/uploads\/2020\/03\/biblioteca-CHIHUAHUA-300x173.jpg 300w, https:\/\/bibliotecas.uvmnet.edu\/portico\/gui\/wp-content\/uploads\/2020\/03\/biblioteca-CHIHUAHUA-768x442.jpg 768w, https:\/\/bibliotecas.uvmnet.edu\/portico\/gui\/wp-content\/uploads\/2020\/03\/biblioteca-CHIHUAHUA-830x478.jpg 830w, https:\/\/bibliotecas.uvmnet.edu\/portico\/gui\/wp-content\/uploads\/2020\/03\/biblioteca-CHIHUAHUA-230x132.jpg 230w, https:\/\/bibliotecas.uvmnet.edu\/portico\/gui\/wp-content\/uploads\/2020\/03\/biblioteca-CHIHUAHUA-350x202.jpg 350w, https:\/\/bibliotecas.uvmnet.edu\/portico\/gui\/wp-content\/uploads\/2020\/03\/biblioteca-CHIHUAHUA-480x276.jpg 480w\" sizes=\"(max-width: 844px) 100vw, 844px\" \/>\t\t\t\t\t\t\t\t\t\t\t\t\t\t\t<\/div>\n\t\t\t\t<\/div>\n\t\t\t\t<div class=\"elementor-element elementor-element-6873e0b7 elementor-widget elementor-widget-image\" data-id=\"6873e0b7\" data-element_type=\"widget\" data-widget_type=\"image.default\">\n\t\t\t\t<div class=\"elementor-widget-container\">\n\t\t\t\t\t\t\t\t\t\t\t\t\t\t\t<img loading=\"lazy\" decoding=\"async\" width=\"844\" height=\"486\" src=\"https:\/\/bibliotecas.uvmnet.edu\/portico\/gui\/wp-content\/uploads\/2023\/11\/biblioteca02-ROMA.jpg\" class=\"attachment-large size-large wp-image-7644\" alt=\"\" srcset=\"https:\/\/bibliotecas.uvmnet.edu\/portico\/gui\/wp-content\/uploads\/2023\/11\/biblioteca02-ROMA.jpg 844w, https:\/\/bibliotecas.uvmnet.edu\/portico\/gui\/wp-content\/uploads\/2023\/11\/biblioteca02-ROMA-300x173.jpg 300w, https:\/\/bibliotecas.uvmnet.edu\/portico\/gui\/wp-content\/uploads\/2023\/11\/biblioteca02-ROMA-768x442.jpg 768w, https:\/\/bibliotecas.uvmnet.edu\/portico\/gui\/wp-content\/uploads\/2023\/11\/biblioteca02-ROMA-230x132.jpg 230w, https:\/\/bibliotecas.uvmnet.edu\/portico\/gui\/wp-content\/uploads\/2023\/11\/biblioteca02-ROMA-350x202.jpg 350w, https:\/\/bibliotecas.uvmnet.edu\/portico\/gui\/wp-content\/uploads\/2023\/11\/biblioteca02-ROMA-480x276.jpg 480w\" sizes=\"(max-width: 844px) 100vw, 844px\" \/>\t\t\t\t\t\t\t\t\t\t\t\t\t\t\t<\/div>\n\t\t\t\t<\/div>\n\t\t\t\t\t<\/div>\n\t\t<\/div>\n\t\t\t\t<div class=\"elementor-column elementor-col-50 elementor-top-column elementor-element elementor-element-1835c2c7\" data-id=\"1835c2c7\" data-element_type=\"column\">\n\t\t\t<div class=\"elementor-widget-wrap elementor-element-populated\">\n\t\t\t\t\t\t<div class=\"elementor-element elementor-element-af3dad1 elementor-widget__width-initial elementor-widget elementor-widget-heading\" data-id=\"af3dad1\" data-element_type=\"widget\" data-widget_type=\"heading.default\">\n\t\t\t\t<div class=\"elementor-widget-container\">\n\t\t\t\t\t<h3 class=\"elementor-heading-title elementor-size-default\">Biblioteca UVM Chihuahua <\/h3>\t\t\t\t<\/div>\n\t\t\t\t<\/div>\n\t\t\t\t\t<\/div>\n\t\t<\/div>\n\t\t\t\t\t<\/div>\n\t\t<\/section>\n\t\t\t\t<section class=\"elementor-section elementor-top-section elementor-element elementor-element-5f3e1cd7 elementor-section-full_width elementor-section-height-default elementor-section-height-default\" data-id=\"5f3e1cd7\" data-element_type=\"section\" id=\"next\">\n\t\t\t\t\t\t<div class=\"elementor-container elementor-column-gap-no\">\n\t\t\t\t\t<div class=\"elementor-column elementor-col-100 elementor-top-column elementor-element elementor-element-50afd5fb\" data-id=\"50afd5fb\" data-element_type=\"column\">\n\t\t\t<div class=\"elementor-widget-wrap elementor-element-populated\">\n\t\t\t\t\t\t<div class=\"elementor-element elementor-element-b4f6a2 elementor-widget elementor-widget-heading\" data-id=\"b4f6a2\" data-element_type=\"widget\" data-widget_type=\"heading.default\">\n\t\t\t\t<div class=\"elementor-widget-container\">\n\t\t\t\t\t<h3 class=\"elementor-heading-title elementor-size-default\">Con\u00f3cenos<\/h3>\t\t\t\t<\/div>\n\t\t\t\t<\/div>\n\t\t\t\t<div class=\"elementor-element elementor-element-53a9e47d elementor-widget elementor-widget-heading\" data-id=\"53a9e47d\" data-element_type=\"widget\" data-widget_type=\"heading.default\">\n\t\t\t\t<div class=\"elementor-widget-container\">\n\t\t\t\t\t<p class=\"elementor-heading-title elementor-size-default\">Encuentra toda la informaci\u00f3n de tu Biblioteca UVM<\/p>\t\t\t\t<\/div>\n\t\t\t\t<\/div>\n\t\t\t\t<section class=\"elementor-section elementor-inner-section elementor-element elementor-element-5cbcb29c elementor-section-full_width elementor-section-height-default elementor-section-height-default\" data-id=\"5cbcb29c\" data-element_type=\"section\">\n\t\t\t\t\t\t<div class=\"elementor-container elementor-column-gap-no\">\n\t\t\t\t\t<div class=\"elementor-column elementor-col-33 elementor-inner-column elementor-element elementor-element-6b6a84dc\" data-id=\"6b6a84dc\" data-element_type=\"column\">\n\t\t\t<div class=\"elementor-widget-wrap elementor-element-populated\">\n\t\t\t\t\t\t<div class=\"elementor-element elementor-element-c4a67e0 elementor-position-top elementor-widget elementor-widget-image-box\" data-id=\"c4a67e0\" data-element_type=\"widget\" data-widget_type=\"image-box.default\">\n\t\t\t\t<div class=\"elementor-widget-container\">\n\t\t\t\t\t<div class=\"elementor-image-box-wrapper\"><figure class=\"elementor-image-box-img\"><a href=\"#\" tabindex=\"-1\"><img loading=\"lazy\" decoding=\"async\" width=\"64\" height=\"64\" src=\"https:\/\/bibliotecas.uvmnet.edu\/portico\/gui\/wp-content\/uploads\/2023\/11\/girar.png\" class=\"elementor-animation-grow attachment-full size-full wp-image-7624\" alt=\"\" \/><\/a><\/figure><div class=\"elementor-image-box-content\"><h4 class=\"elementor-image-box-title\"><a href=\"#\">Horarios<\/a><\/h4><p class=\"elementor-image-box-description\">Lunes a Viernes: <br>7:00 a 22:00 hrs.\n\nS\u00e1bado: 9:00 a 14:00 hrs<\/p><\/div><\/div>\t\t\t\t<\/div>\n\t\t\t\t<\/div>\n\t\t\t\t\t<\/div>\n\t\t<\/div>\n\t\t\t\t<div class=\"elementor-column elementor-col-33 elementor-inner-column elementor-element elementor-element-5813eea3\" data-id=\"5813eea3\" data-element_type=\"column\">\n\t\t\t<div class=\"elementor-widget-wrap elementor-element-populated\">\n\t\t\t\t\t\t<div class=\"elementor-element elementor-element-59f1e41f elementor-position-top elementor-widget elementor-widget-image-box\" data-id=\"59f1e41f\" data-element_type=\"widget\" data-widget_type=\"image-box.default\">\n\t\t\t\t<div class=\"elementor-widget-container\">\n\t\t\t\t\t<div class=\"elementor-image-box-wrapper\"><figure class=\"elementor-image-box-img\"><a href=\"#\" tabindex=\"-1\"><img loading=\"lazy\" decoding=\"async\" width=\"64\" height=\"64\" src=\"https:\/\/bibliotecas.uvmnet.edu\/portico\/gui\/wp-content\/uploads\/2023\/11\/girar.png\" class=\"elementor-animation-grow attachment-full size-full wp-image-7624\" alt=\"\" \/><\/a><\/figure><div class=\"elementor-image-box-content\"><h4 class=\"elementor-image-box-title\"><a href=\"#\">Tel\u00e9fonos<\/a><\/h4><p class=\"elementor-image-box-description\">614 423 5934\u00a0\nExt: 58127<\/p><\/div><\/div>\t\t\t\t<\/div>\n\t\t\t\t<\/div>\n\t\t\t\t\t<\/div>\n\t\t<\/div>\n\t\t\t\t<div class=\"elementor-column elementor-col-33 elementor-inner-column elementor-element elementor-element-55386db7\" data-id=\"55386db7\" data-element_type=\"column\">\n\t\t\t<div class=\"elementor-widget-wrap elementor-element-populated\">\n\t\t\t\t\t\t<div class=\"elementor-element elementor-element-1be52bd5 elementor-position-top elementor-widget elementor-widget-image-box\" data-id=\"1be52bd5\" data-element_type=\"widget\" data-widget_type=\"image-box.default\">\n\t\t\t\t<div class=\"elementor-widget-container\">\n\t\t\t\t\t<div class=\"elementor-image-box-wrapper\"><figure class=\"elementor-image-box-img\"><a href=\"#\" tabindex=\"-1\"><img loading=\"lazy\" decoding=\"async\" width=\"64\" height=\"64\" src=\"https:\/\/bibliotecas.uvmnet.edu\/portico\/gui\/wp-content\/uploads\/2023\/11\/girar.png\" class=\"elementor-animation-grow attachment-full size-full wp-image-7624\" alt=\"\" \/><\/a><\/figure><div class=\"elementor-image-box-content\"><h4 class=\"elementor-image-box-title\"><a href=\"#\">Ubicaci\u00f3n<\/a><\/h4><\/div><\/div>\t\t\t\t<\/div>\n\t\t\t\t<\/div>\n\t\t\t\t<div class=\"elementor-element elementor-element-7109f20 elementor-widget elementor-widget-google_maps\" data-id=\"7109f20\" data-element_type=\"widget\" data-widget_type=\"google_maps.default\">\n\t\t\t\t<div class=\"elementor-widget-container\">\n\t\t\t\t\t\t\t<div class=\"elementor-custom-embed\">\n\t\t\t<iframe loading=\"lazy\"\n\t\t\t\t\tsrc=\"https:\/\/maps.google.com\/maps?q=uvm%20chihuahua&#038;t=m&#038;z=15&#038;output=embed&#038;iwloc=near\"\n\t\t\t\t\ttitle=\"uvm chihuahua\"\n\t\t\t\t\taria-label=\"uvm chihuahua\"\n\t\t\t><\/iframe>\n\t\t<\/div>\n\t\t\t\t\t\t<\/div>\n\t\t\t\t<\/div>\n\t\t\t\t\t<\/div>\n\t\t<\/div>\n\t\t\t\t\t<\/div>\n\t\t<\/section>\n\t\t\t\t\t<\/div>\n\t\t<\/div>\n\t\t\t\t\t<\/div>\n\t\t<\/section>\n\t\t\t\t<section class=\"elementor-section elementor-top-section elementor-element elementor-element-458c64c elementor-section-full_width elementor-section-content-middle elementor-section-height-default elementor-section-height-default\" data-id=\"458c64c\" data-element_type=\"section\">\n\t\t\t\t\t\t<div class=\"elementor-container elementor-column-gap-no\">\n\t\t\t\t\t<div class=\"elementor-column elementor-col-100 elementor-top-column elementor-element elementor-element-688f7eb6\" data-id=\"688f7eb6\" data-element_type=\"column\">\n\t\t\t<div class=\"elementor-widget-wrap elementor-element-populated\">\n\t\t\t\t\t\t<div class=\"elementor-element elementor-element-3e3d7a39 elementor-widget elementor-widget-heading\" data-id=\"3e3d7a39\" data-element_type=\"widget\" data-widget_type=\"heading.default\">\n\t\t\t\t<div class=\"elementor-widget-container\">\n\t\t\t\t\t<h3 class=\"elementor-heading-title elementor-size-default\">Equipo de Bibliotecarios UVM<\/h3>\t\t\t\t<\/div>\n\t\t\t\t<\/div>\n\t\t\t\t<section class=\"elementor-section elementor-inner-section elementor-element elementor-element-535cf5c6 elementor-section-full_width elementor-section-height-default elementor-section-height-default\" data-id=\"535cf5c6\" data-element_type=\"section\">\n\t\t\t\t\t\t<div class=\"elementor-container elementor-column-gap-custom\">\n\t\t\t\t\t<div class=\"elementor-column elementor-col-50 elementor-inner-column elementor-element elementor-element-12b69265\" data-id=\"12b69265\" data-element_type=\"column\">\n\t\t\t<div class=\"elementor-widget-wrap elementor-element-populated\">\n\t\t\t\t\t\t<div class=\"elementor-element elementor-element-6244e277 elementor-view-stacked elementor-shape-square elementor-widget__width-initial elementor-position-block-start elementor-mobile-position-block-start elementor-widget elementor-widget-icon-box\" data-id=\"6244e277\" data-element_type=\"widget\" data-widget_type=\"icon-box.default\">\n\t\t\t\t<div class=\"elementor-widget-container\">\n\t\t\t\t\t\t\t<div class=\"elementor-icon-box-wrapper\">\n\n\t\t\t\t\t\t<div class=\"elementor-icon-box-icon\">\n\t\t\t\t<span  class=\"elementor-icon elementor-animation-shrink\">\n\t\t\t\t<i aria-hidden=\"true\" class=\"far fa-smile-wink\"><\/i>\t\t\t\t<\/span>\n\t\t\t<\/div>\n\t\t\t\n\t\t\t\t\t\t<div class=\"elementor-icon-box-content\">\n\n\t\t\t\t\t\t\t\t\t<h4 class=\"elementor-icon-box-title\">\n\t\t\t\t\t\t<span  >\n\t\t\t\t\t\t\tcoordinador de Biblioteca Chihuahia\t\t\t\t\t\t<\/span>\n\t\t\t\t\t<\/h4>\n\t\t\t\t\n\t\t\t\t\t\t\t\t\t<p class=\"elementor-icon-box-description\">\n\t\t\t\t\t\tDiego Iv\u00e1n Minjarez V\u00e1zquez\ndiego.minjarez@uvmnet.edu\t\t\t\t\t<\/p>\n\t\t\t\t\n\t\t\t<\/div>\n\t\t\t\n\t\t<\/div>\n\t\t\t\t\t\t<\/div>\n\t\t\t\t<\/div>\n\t\t\t\t\t<\/div>\n\t\t<\/div>\n\t\t\t\t<div class=\"elementor-column elementor-col-50 elementor-inner-column elementor-element elementor-element-1548deb8\" data-id=\"1548deb8\" data-element_type=\"column\">\n\t\t\t<div class=\"elementor-widget-wrap elementor-element-populated\">\n\t\t\t\t\t\t<div class=\"elementor-element elementor-element-79843883 elementor-view-stacked elementor-shape-square elementor-position-block-start elementor-mobile-position-block-start elementor-widget elementor-widget-icon-box\" data-id=\"79843883\" data-element_type=\"widget\" data-widget_type=\"icon-box.default\">\n\t\t\t\t<div class=\"elementor-widget-container\">\n\t\t\t\t\t\t\t<div class=\"elementor-icon-box-wrapper\">\n\n\t\t\t\t\t\t<div class=\"elementor-icon-box-icon\">\n\t\t\t\t<span  class=\"elementor-icon elementor-animation-shrink\">\n\t\t\t\t<i aria-hidden=\"true\" class=\"far fa-smile-beam\"><\/i>\t\t\t\t<\/span>\n\t\t\t<\/div>\n\t\t\t\n\t\t\t\t\t\t<div class=\"elementor-icon-box-content\">\n\n\t\t\t\t\t\t\t\t\t<h4 class=\"elementor-icon-box-title\">\n\t\t\t\t\t\t<span  >\n\t\t\t\t\t\t\tAuxiliar de Biblioteca UVM\t\t\t\t\t\t<\/span>\n\t\t\t\t\t<\/h4>\n\t\t\t\t\n\t\t\t\t\t\t\t\t\t<p class=\"elementor-icon-box-description\">\n\t\t\t\t\t\tSof\u00eda Vargas\nsofia.vargas@uvmnet.edu\t\t\t\t\t<\/p>\n\t\t\t\t\n\t\t\t<\/div>\n\t\t\t\n\t\t<\/div>\n\t\t\t\t\t\t<\/div>\n\t\t\t\t<\/div>\n\t\t\t\t\t<\/div>\n\t\t<\/div>\n\t\t\t\t\t<\/div>\n\t\t<\/section>\n\t\t\t\t\t<\/div>\n\t\t<\/div>\n\t\t\t\t\t<\/div>\n\t\t<\/section>\n\t\t\t\t<\/div>\n\t\t","protected":false},"excerpt":{"rendered":"<p>Regresar Biblioteca UVM Chihuahua Con\u00f3cenos Encuentra toda la informaci\u00f3n de tu Biblioteca UVM Horarios Lunes a Viernes: 7:00 a 22:00 hrs. S\u00e1bado: [&hellip;]<\/p>\n","protected":false},"author":5,"featured_media":0,"parent":0,"menu_order":0,"comment_status":"closed","ping_status":"closed","template":"elementor_header_footer","meta":{"_acf_changed":false,"_eb_attr":"","om_disable_all_campaigns":false,"_monsterinsights_skip_tracking":false,"_monsterinsights_sitenote_active":false,"_monsterinsights_sitenote_note":"","_monsterinsights_sitenote_category":0,"footnotes":""},"class_list":["post-7641","page","type-page","status-publish","hentry"],"acf":[],"aioseo_notices":[],"_links":{"self":[{"href":"https:\/\/bibliotecas.uvmnet.edu\/portico\/gui\/index.php\/wp-json\/wp\/v2\/pages\/7641","targetHints":{"allow":["GET"]}}],"collection":[{"href":"https:\/\/bibliotecas.uvmnet.edu\/portico\/gui\/index.php\/wp-json\/wp\/v2\/pages"}],"about":[{"href":"https:\/\/bibliotecas.uvmnet.edu\/portico\/gui\/index.php\/wp-json\/wp\/v2\/types\/page"}],"author":[{"embeddable":true,"href":"https:\/\/bibliotecas.uvmnet.edu\/portico\/gui\/index.php\/wp-json\/wp\/v2\/users\/5"}],"replies":[{"embeddable":true,"href":"https:\/\/bibliotecas.uvmnet.edu\/portico\/gui\/index.php\/wp-json\/wp\/v2\/comments?post=7641"}],"version-history":[{"count":8,"href":"https:\/\/bibliotecas.uvmnet.edu\/portico\/gui\/index.php\/wp-json\/wp\/v2\/pages\/7641\/revisions"}],"predecessor-version":[{"id":8201,"href":"https:\/\/bibliotecas.uvmnet.edu\/portico\/gui\/index.php\/wp-json\/wp\/v2\/pages\/7641\/revisions\/8201"}],"wp:attachment":[{"href":"https:\/\/bibliotecas.uvmnet.edu\/portico\/gui\/index.php\/wp-json\/wp\/v2\/media?parent=7641"}],"curies":[{"name":"wp","href":"https:\/\/api.w.org\/{rel}","templated":true}]}}