{"id":7699,"date":"2023-11-24T11:55:41","date_gmt":"2023-11-24T17:55:41","guid":{"rendered":"https:\/\/bibliotecas.uvmnet.edu\/portico\/gui\/?page_id=7699"},"modified":"2025-04-21T13:34:23","modified_gmt":"2025-04-21T19:34:23","slug":"biblioteca-merida-nuevo","status":"publish","type":"page","link":"https:\/\/bibliotecas.uvmnet.edu\/portico\/gui\/index.php\/biblioteca-merida-nuevo\/","title":{"rendered":"Biblioteca M\u00e9rida NUEVO"},"content":{"rendered":"\t\t<div data-elementor-type=\"wp-page\" data-elementor-id=\"7699\" class=\"elementor elementor-7699\">\n\t\t\t\t\t\t<section class=\"elementor-section elementor-top-section elementor-element elementor-element-268c237 elementor-section-boxed elementor-section-height-default elementor-section-height-default\" data-id=\"268c237\" data-element_type=\"section\">\n\t\t\t\t\t\t<div class=\"elementor-container elementor-column-gap-default\">\n\t\t\t\t\t<div class=\"elementor-column elementor-col-50 elementor-top-column elementor-element elementor-element-f6df234\" data-id=\"f6df234\" data-element_type=\"column\">\n\t\t\t<div class=\"elementor-widget-wrap\">\n\t\t\t\t\t\t\t<\/div>\n\t\t<\/div>\n\t\t\t\t<div class=\"elementor-column elementor-col-50 elementor-top-column elementor-element elementor-element-73a0dd7\" data-id=\"73a0dd7\" data-element_type=\"column\">\n\t\t\t<div class=\"elementor-widget-wrap elementor-element-populated\">\n\t\t\t\t\t\t<div class=\"elementor-element elementor-element-f96da4f elementor-widget elementor-widget-eael-creative-button\" data-id=\"f96da4f\" data-element_type=\"widget\" data-widget_type=\"eael-creative-button.default\">\n\t\t\t\t<div class=\"elementor-widget-container\">\n\t\t\t\t\t        <div class=\"eael-creative-button-wrapper\">\n\n            <a class=\"eael-creative-button eael-creative-button--rayen\" href=\"https:\/\/bibliotecas.uvmnet.edu\/portico\/gui\/index.php\/bibliotecas-uvm\/\" data-text=\"Bibliotecas UVM\">\n            \t    \n                <div class=\"creative-button-inner\">\n\n                    \n                    <span class=\"cretive-button-text\">Regresar<\/span>\n\n                                    <\/div>\n\t                        <\/a>\n        <\/div>\n        \t\t\t\t<\/div>\n\t\t\t\t<\/div>\n\t\t\t\t\t<\/div>\n\t\t<\/div>\n\t\t\t\t\t<\/div>\n\t\t<\/section>\n\t\t\t\t<section class=\"elementor-section elementor-top-section elementor-element elementor-element-15d0935e elementor-section-full_width elementor-section-content-middle elementor-reverse-tablet elementor-reverse-mobile elementor-section-height-default elementor-section-height-default\" data-id=\"15d0935e\" data-element_type=\"section\">\n\t\t\t\t\t\t<div class=\"elementor-container elementor-column-gap-no\">\n\t\t\t\t\t<div class=\"elementor-column elementor-col-25 elementor-top-column elementor-element elementor-element-3e7cdbd7\" data-id=\"3e7cdbd7\" data-element_type=\"column\">\n\t\t\t<div class=\"elementor-widget-wrap elementor-element-populated\">\n\t\t\t\t\t\t<div class=\"elementor-element elementor-element-122a387f elementor-widget elementor-widget-image\" data-id=\"122a387f\" data-element_type=\"widget\" data-widget_type=\"image.default\">\n\t\t\t\t<div class=\"elementor-widget-container\">\n\t\t\t\t\t\t\t\t\t\t\t\t\t\t\t<img fetchpriority=\"high\" decoding=\"async\" width=\"1024\" height=\"768\" src=\"https:\/\/bibliotecas.uvmnet.edu\/portico\/gui\/wp-content\/uploads\/2025\/04\/IMG20240419152835-1024x768.jpg\" class=\"attachment-large size-large wp-image-9051\" alt=\"\" srcset=\"https:\/\/bibliotecas.uvmnet.edu\/portico\/gui\/wp-content\/uploads\/2025\/04\/IMG20240419152835-1024x768.jpg 1024w, https:\/\/bibliotecas.uvmnet.edu\/portico\/gui\/wp-content\/uploads\/2025\/04\/IMG20240419152835-300x225.jpg 300w, https:\/\/bibliotecas.uvmnet.edu\/portico\/gui\/wp-content\/uploads\/2025\/04\/IMG20240419152835-768x576.jpg 768w, https:\/\/bibliotecas.uvmnet.edu\/portico\/gui\/wp-content\/uploads\/2025\/04\/IMG20240419152835-1536x1152.jpg 1536w, https:\/\/bibliotecas.uvmnet.edu\/portico\/gui\/wp-content\/uploads\/2025\/04\/IMG20240419152835-2048x1536.jpg 2048w, https:\/\/bibliotecas.uvmnet.edu\/portico\/gui\/wp-content\/uploads\/2025\/04\/IMG20240419152835-1000x750.jpg 1000w, https:\/\/bibliotecas.uvmnet.edu\/portico\/gui\/wp-content\/uploads\/2025\/04\/IMG20240419152835-230x173.jpg 230w, https:\/\/bibliotecas.uvmnet.edu\/portico\/gui\/wp-content\/uploads\/2025\/04\/IMG20240419152835-350x263.jpg 350w, https:\/\/bibliotecas.uvmnet.edu\/portico\/gui\/wp-content\/uploads\/2025\/04\/IMG20240419152835-480x360.jpg 480w\" sizes=\"(max-width: 1024px) 100vw, 1024px\" \/>\t\t\t\t\t\t\t\t\t\t\t\t\t\t\t<\/div>\n\t\t\t\t<\/div>\n\t\t\t\t<div class=\"elementor-element elementor-element-6e94f89c elementor-widget elementor-widget-image\" data-id=\"6e94f89c\" data-element_type=\"widget\" data-widget_type=\"image.default\">\n\t\t\t\t<div class=\"elementor-widget-container\">\n\t\t\t\t\t\t\t\t\t\t\t\t\t\t\t<img decoding=\"async\" width=\"400\" height=\"300\" src=\"https:\/\/bibliotecas.uvmnet.edu\/portico\/gui\/wp-content\/uploads\/2020\/10\/biblioteca-1_opt.jpg\" class=\"attachment-large size-large wp-image-1913\" alt=\"\" srcset=\"https:\/\/bibliotecas.uvmnet.edu\/portico\/gui\/wp-content\/uploads\/2020\/10\/biblioteca-1_opt.jpg 400w, https:\/\/bibliotecas.uvmnet.edu\/portico\/gui\/wp-content\/uploads\/2020\/10\/biblioteca-1_opt-300x225.jpg 300w, https:\/\/bibliotecas.uvmnet.edu\/portico\/gui\/wp-content\/uploads\/2020\/10\/biblioteca-1_opt-230x173.jpg 230w, https:\/\/bibliotecas.uvmnet.edu\/portico\/gui\/wp-content\/uploads\/2020\/10\/biblioteca-1_opt-350x263.jpg 350w\" sizes=\"(max-width: 400px) 100vw, 400px\" \/>\t\t\t\t\t\t\t\t\t\t\t\t\t\t\t<\/div>\n\t\t\t\t<\/div>\n\t\t\t\t\t<\/div>\n\t\t<\/div>\n\t\t\t\t<div class=\"elementor-column elementor-col-25 elementor-top-column elementor-element elementor-element-3f76e3a0\" data-id=\"3f76e3a0\" data-element_type=\"column\">\n\t\t\t<div class=\"elementor-widget-wrap elementor-element-populated\">\n\t\t\t\t\t\t<div class=\"elementor-element elementor-element-4773472e elementor-widget elementor-widget-image\" data-id=\"4773472e\" data-element_type=\"widget\" data-widget_type=\"image.default\">\n\t\t\t\t<div class=\"elementor-widget-container\">\n\t\t\t\t\t\t\t\t\t\t\t\t\t\t\t<img decoding=\"async\" width=\"1024\" height=\"768\" src=\"https:\/\/bibliotecas.uvmnet.edu\/portico\/gui\/wp-content\/uploads\/2025\/04\/IMG20240419152811-1024x768.jpg\" class=\"attachment-large size-large wp-image-9048\" alt=\"\" srcset=\"https:\/\/bibliotecas.uvmnet.edu\/portico\/gui\/wp-content\/uploads\/2025\/04\/IMG20240419152811-1024x768.jpg 1024w, https:\/\/bibliotecas.uvmnet.edu\/portico\/gui\/wp-content\/uploads\/2025\/04\/IMG20240419152811-300x225.jpg 300w, https:\/\/bibliotecas.uvmnet.edu\/portico\/gui\/wp-content\/uploads\/2025\/04\/IMG20240419152811-768x576.jpg 768w, https:\/\/bibliotecas.uvmnet.edu\/portico\/gui\/wp-content\/uploads\/2025\/04\/IMG20240419152811-1536x1152.jpg 1536w, https:\/\/bibliotecas.uvmnet.edu\/portico\/gui\/wp-content\/uploads\/2025\/04\/IMG20240419152811-2048x1536.jpg 2048w, https:\/\/bibliotecas.uvmnet.edu\/portico\/gui\/wp-content\/uploads\/2025\/04\/IMG20240419152811-1000x750.jpg 1000w, https:\/\/bibliotecas.uvmnet.edu\/portico\/gui\/wp-content\/uploads\/2025\/04\/IMG20240419152811-230x173.jpg 230w, https:\/\/bibliotecas.uvmnet.edu\/portico\/gui\/wp-content\/uploads\/2025\/04\/IMG20240419152811-350x263.jpg 350w, https:\/\/bibliotecas.uvmnet.edu\/portico\/gui\/wp-content\/uploads\/2025\/04\/IMG20240419152811-480x360.jpg 480w\" sizes=\"(max-width: 1024px) 100vw, 1024px\" \/>\t\t\t\t\t\t\t\t\t\t\t\t\t\t\t<\/div>\n\t\t\t\t<\/div>\n\t\t\t\t<div class=\"elementor-element elementor-element-6873e0b7 elementor-widget elementor-widget-image\" data-id=\"6873e0b7\" data-element_type=\"widget\" data-widget_type=\"image.default\">\n\t\t\t\t<div class=\"elementor-widget-container\">\n\t\t\t\t\t\t\t\t\t\t\t\t\t\t\t<img loading=\"lazy\" decoding=\"async\" width=\"1024\" height=\"768\" src=\"https:\/\/bibliotecas.uvmnet.edu\/portico\/gui\/wp-content\/uploads\/2025\/04\/IMG20240419152828-1024x768.jpg\" class=\"attachment-large size-large wp-image-9050\" alt=\"\" srcset=\"https:\/\/bibliotecas.uvmnet.edu\/portico\/gui\/wp-content\/uploads\/2025\/04\/IMG20240419152828-1024x768.jpg 1024w, https:\/\/bibliotecas.uvmnet.edu\/portico\/gui\/wp-content\/uploads\/2025\/04\/IMG20240419152828-300x225.jpg 300w, https:\/\/bibliotecas.uvmnet.edu\/portico\/gui\/wp-content\/uploads\/2025\/04\/IMG20240419152828-768x576.jpg 768w, https:\/\/bibliotecas.uvmnet.edu\/portico\/gui\/wp-content\/uploads\/2025\/04\/IMG20240419152828-1536x1152.jpg 1536w, https:\/\/bibliotecas.uvmnet.edu\/portico\/gui\/wp-content\/uploads\/2025\/04\/IMG20240419152828-2048x1536.jpg 2048w, https:\/\/bibliotecas.uvmnet.edu\/portico\/gui\/wp-content\/uploads\/2025\/04\/IMG20240419152828-1000x750.jpg 1000w, https:\/\/bibliotecas.uvmnet.edu\/portico\/gui\/wp-content\/uploads\/2025\/04\/IMG20240419152828-230x173.jpg 230w, https:\/\/bibliotecas.uvmnet.edu\/portico\/gui\/wp-content\/uploads\/2025\/04\/IMG20240419152828-350x263.jpg 350w, https:\/\/bibliotecas.uvmnet.edu\/portico\/gui\/wp-content\/uploads\/2025\/04\/IMG20240419152828-480x360.jpg 480w\" sizes=\"(max-width: 1024px) 100vw, 1024px\" \/>\t\t\t\t\t\t\t\t\t\t\t\t\t\t\t<\/div>\n\t\t\t\t<\/div>\n\t\t\t\t\t<\/div>\n\t\t<\/div>\n\t\t\t\t<div class=\"elementor-column elementor-col-50 elementor-top-column elementor-element elementor-element-1835c2c7\" data-id=\"1835c2c7\" data-element_type=\"column\" data-settings=\"{&quot;background_background&quot;:&quot;classic&quot;}\">\n\t\t\t<div class=\"elementor-widget-wrap elementor-element-populated\">\n\t\t\t\t\t\t<div class=\"elementor-element elementor-element-af3dad1 elementor-widget__width-initial elementor-widget elementor-widget-heading\" data-id=\"af3dad1\" data-element_type=\"widget\" data-widget_type=\"heading.default\">\n\t\t\t\t<div class=\"elementor-widget-container\">\n\t\t\t\t\t<h3 class=\"elementor-heading-title elementor-size-default\">Biblioteca UVM M\u00e9rida<\/h3>\t\t\t\t<\/div>\n\t\t\t\t<\/div>\n\t\t\t\t\t<\/div>\n\t\t<\/div>\n\t\t\t\t\t<\/div>\n\t\t<\/section>\n\t\t\t\t<section class=\"elementor-section elementor-top-section elementor-element elementor-element-c47e050 elementor-section-full_width elementor-section-height-default elementor-section-height-default\" data-id=\"c47e050\" data-element_type=\"section\">\n\t\t\t\t\t\t<div class=\"elementor-container elementor-column-gap-default\">\n\t\t\t\t\t<div class=\"elementor-column elementor-col-100 elementor-top-column elementor-element elementor-element-d502d35\" data-id=\"d502d35\" data-element_type=\"column\">\n\t\t\t<div class=\"elementor-widget-wrap elementor-element-populated\">\n\t\t\t\t\t\t<div class=\"elementor-element elementor-element-d506438 elementor-widget-divider--view-line elementor-widget elementor-widget-divider\" data-id=\"d506438\" data-element_type=\"widget\" data-widget_type=\"divider.default\">\n\t\t\t\t<div class=\"elementor-widget-container\">\n\t\t\t\t\t\t\t<div class=\"elementor-divider\">\n\t\t\t<span class=\"elementor-divider-separator\">\n\t\t\t\t\t\t<\/span>\n\t\t<\/div>\n\t\t\t\t\t\t<\/div>\n\t\t\t\t<\/div>\n\t\t\t\t\t<\/div>\n\t\t<\/div>\n\t\t\t\t\t<\/div>\n\t\t<\/section>\n\t\t\t\t<section class=\"elementor-section elementor-top-section elementor-element elementor-element-b3a79e5 elementor-section-full_width elementor-section-height-default elementor-section-height-default\" data-id=\"b3a79e5\" data-element_type=\"section\">\n\t\t\t\t\t\t<div class=\"elementor-container elementor-column-gap-default\">\n\t\t\t\t\t<div class=\"elementor-column elementor-col-100 elementor-top-column elementor-element elementor-element-21e651e\" data-id=\"21e651e\" data-element_type=\"column\" data-settings=\"{&quot;background_background&quot;:&quot;classic&quot;}\">\n\t\t\t<div class=\"elementor-widget-wrap elementor-element-populated\">\n\t\t\t\t\t\t<div class=\"elementor-element elementor-element-52bafd8 elementor-widget elementor-widget-heading\" data-id=\"52bafd8\" data-element_type=\"widget\" data-widget_type=\"heading.default\">\n\t\t\t\t<div class=\"elementor-widget-container\">\n\t\t\t\t\t<p class=\"elementor-heading-title elementor-size-default\">Encuentra toda la informaci\u00f3n de tu Biblioteca UVM<\/p>\t\t\t\t<\/div>\n\t\t\t\t<\/div>\n\t\t\t\t<div class=\"elementor-element elementor-element-f81a831 elementor-widget elementor-widget-spacer\" data-id=\"f81a831\" data-element_type=\"widget\" data-widget_type=\"spacer.default\">\n\t\t\t\t<div class=\"elementor-widget-container\">\n\t\t\t\t\t\t\t<div class=\"elementor-spacer\">\n\t\t\t<div class=\"elementor-spacer-inner\"><\/div>\n\t\t<\/div>\n\t\t\t\t\t\t<\/div>\n\t\t\t\t<\/div>\n\t\t\t\t\t<\/div>\n\t\t<\/div>\n\t\t\t\t\t<\/div>\n\t\t<\/section>\n\t\t\t\t<section class=\"elementor-section elementor-top-section elementor-element elementor-element-101f41e elementor-section-boxed elementor-section-height-default elementor-section-height-default\" data-id=\"101f41e\" data-element_type=\"section\">\n\t\t\t\t\t\t<div class=\"elementor-container elementor-column-gap-default\">\n\t\t\t\t\t<div class=\"elementor-column elementor-col-50 elementor-top-column elementor-element elementor-element-f3c14be\" data-id=\"f3c14be\" data-element_type=\"column\" data-settings=\"{&quot;background_background&quot;:&quot;classic&quot;}\">\n\t\t\t<div class=\"elementor-widget-wrap elementor-element-populated\">\n\t\t\t\t\t\t<div class=\"elementor-element elementor-element-b15c69c elementor-widget elementor-widget-heading\" data-id=\"b15c69c\" data-element_type=\"widget\" data-widget_type=\"heading.default\">\n\t\t\t\t<div class=\"elementor-widget-container\">\n\t\t\t\t\t<h3 class=\"elementor-heading-title elementor-size-default\">Equipo de Bibliotecarios UVM<\/h3>\t\t\t\t<\/div>\n\t\t\t\t<\/div>\n\t\t\t\t<div class=\"elementor-element elementor-element-c47ad70 elementor-view-default elementor-position-block-start elementor-mobile-position-block-start elementor-widget elementor-widget-icon-box\" data-id=\"c47ad70\" data-element_type=\"widget\" data-widget_type=\"icon-box.default\">\n\t\t\t\t<div class=\"elementor-widget-container\">\n\t\t\t\t\t\t\t<div class=\"elementor-icon-box-wrapper\">\n\n\t\t\t\t\t\t<div class=\"elementor-icon-box-icon\">\n\t\t\t\t<span  class=\"elementor-icon\">\n\t\t\t\t<i aria-hidden=\"true\" class=\"fas fa-smile\"><\/i>\t\t\t\t<\/span>\n\t\t\t<\/div>\n\t\t\t\n\t\t\t\t\t\t<div class=\"elementor-icon-box-content\">\n\n\t\t\t\t\t\t\t\t\t<h3 class=\"elementor-icon-box-title\">\n\t\t\t\t\t\t<span  >\n\t\t\t\t\t\t\tCoordinadora de Biblioteca M\u00e9rida\t\t\t\t\t\t<\/span>\n\t\t\t\t\t<\/h3>\n\t\t\t\t\n\t\t\t\t\t\t\t\t\t<p class=\"elementor-icon-box-description\">\n\t\t\t\t\t\tMar\u00eda Magdalena Mis Fern\u00e1ndez<br>maria.mis@uvmnet.edu\t\t\t\t\t<\/p>\n\t\t\t\t\n\t\t\t<\/div>\n\t\t\t\n\t\t<\/div>\n\t\t\t\t\t\t<\/div>\n\t\t\t\t<\/div>\n\t\t\t\t<div class=\"elementor-element elementor-element-a4feafa elementor-view-default elementor-position-block-start elementor-mobile-position-block-start elementor-widget elementor-widget-icon-box\" data-id=\"a4feafa\" data-element_type=\"widget\" data-widget_type=\"icon-box.default\">\n\t\t\t\t<div class=\"elementor-widget-container\">\n\t\t\t\t\t\t\t<div class=\"elementor-icon-box-wrapper\">\n\n\t\t\t\t\t\t<div class=\"elementor-icon-box-icon\">\n\t\t\t\t<span  class=\"elementor-icon\">\n\t\t\t\t<i aria-hidden=\"true\" class=\"fas fa-smile\"><\/i>\t\t\t\t<\/span>\n\t\t\t<\/div>\n\t\t\t\n\t\t\t\t\t\t<div class=\"elementor-icon-box-content\">\n\n\t\t\t\t\t\t\t\t\t<h3 class=\"elementor-icon-box-title\">\n\t\t\t\t\t\t<span  >\n\t\t\t\t\t\t\tAuxiliar de Biblioteca UVM\t\t\t\t\t\t<\/span>\n\t\t\t\t\t<\/h3>\n\t\t\t\t\n\t\t\t\t\t\t\t\t\t<p class=\"elementor-icon-box-description\">\n\t\t\t\t\t\tEvelyn del Carmen Carrillo Flota<br>evelyn.carrillo@uvmnet.edu \t\t\t\t\t<\/p>\n\t\t\t\t\n\t\t\t<\/div>\n\t\t\t\n\t\t<\/div>\n\t\t\t\t\t\t<\/div>\n\t\t\t\t<\/div>\n\t\t\t\t\t<\/div>\n\t\t<\/div>\n\t\t\t\t<div class=\"elementor-column elementor-col-50 elementor-top-column elementor-element elementor-element-bc8c429\" data-id=\"bc8c429\" data-element_type=\"column\">\n\t\t\t<div class=\"elementor-widget-wrap elementor-element-populated\">\n\t\t\t\t\t\t<div class=\"elementor-element elementor-element-ac22333 elementor-widget elementor-widget-heading\" data-id=\"ac22333\" data-element_type=\"widget\" data-widget_type=\"heading.default\">\n\t\t\t\t<div class=\"elementor-widget-container\">\n\t\t\t\t\t<h3 class=\"elementor-heading-title elementor-size-default\">Con\u00f3cenos<\/h3>\t\t\t\t<\/div>\n\t\t\t\t<\/div>\n\t\t\t\t<div class=\"elementor-element elementor-element-7f391cd elementor-view-default elementor-position-block-start elementor-mobile-position-block-start elementor-widget elementor-widget-icon-box\" data-id=\"7f391cd\" data-element_type=\"widget\" data-widget_type=\"icon-box.default\">\n\t\t\t\t<div class=\"elementor-widget-container\">\n\t\t\t\t\t\t\t<div class=\"elementor-icon-box-wrapper\">\n\n\t\t\t\t\t\t<div class=\"elementor-icon-box-icon\">\n\t\t\t\t<span  class=\"elementor-icon\">\n\t\t\t\t<i aria-hidden=\"true\" class=\"fas fa-dot-circle\"><\/i>\t\t\t\t<\/span>\n\t\t\t<\/div>\n\t\t\t\n\t\t\t\t\t\t<div class=\"elementor-icon-box-content\">\n\n\t\t\t\t\t\t\t\t\t<h3 class=\"elementor-icon-box-title\">\n\t\t\t\t\t\t<span  >\n\t\t\t\t\t\t\tHorarios\t\t\t\t\t\t<\/span>\n\t\t\t\t\t<\/h3>\n\t\t\t\t\n\t\t\t\t\t\t\t\t\t<p class=\"elementor-icon-box-description\">\n\t\t\t\t\t\tLunes a Viernes: 7:00 a 21:00 hrs.\nS\u00e1bado: 8:00 a 13:00 hrs\t\t\t\t\t<\/p>\n\t\t\t\t\n\t\t\t<\/div>\n\t\t\t\n\t\t<\/div>\n\t\t\t\t\t\t<\/div>\n\t\t\t\t<\/div>\n\t\t\t\t<div class=\"elementor-element elementor-element-77487f4 elementor-view-default elementor-position-block-start elementor-mobile-position-block-start elementor-widget elementor-widget-icon-box\" data-id=\"77487f4\" data-element_type=\"widget\" data-widget_type=\"icon-box.default\">\n\t\t\t\t<div class=\"elementor-widget-container\">\n\t\t\t\t\t\t\t<div class=\"elementor-icon-box-wrapper\">\n\n\t\t\t\t\t\t<div class=\"elementor-icon-box-icon\">\n\t\t\t\t<span  class=\"elementor-icon\">\n\t\t\t\t<i aria-hidden=\"true\" class=\"fas fa-dot-circle\"><\/i>\t\t\t\t<\/span>\n\t\t\t<\/div>\n\t\t\t\n\t\t\t\t\t\t<div class=\"elementor-icon-box-content\">\n\n\t\t\t\t\t\t\t\t\t<h3 class=\"elementor-icon-box-title\">\n\t\t\t\t\t\t<span  >\n\t\t\t\t\t\t\tTel\u00e9fonos\t\t\t\t\t\t<\/span>\n\t\t\t\t\t<\/h3>\n\t\t\t\t\n\t\t\t\t\t\t\t\t\t<p class=\"elementor-icon-box-description\">\n\t\t\t\t\t\t9999300159<br>ext.43112\t\t\t\t\t<\/p>\n\t\t\t\t\n\t\t\t<\/div>\n\t\t\t\n\t\t<\/div>\n\t\t\t\t\t\t<\/div>\n\t\t\t\t<\/div>\n\t\t\t\t<div class=\"elementor-element elementor-element-624358d elementor-view-default elementor-position-block-start elementor-mobile-position-block-start elementor-widget elementor-widget-icon-box\" data-id=\"624358d\" data-element_type=\"widget\" data-widget_type=\"icon-box.default\">\n\t\t\t\t<div class=\"elementor-widget-container\">\n\t\t\t\t\t\t\t<div class=\"elementor-icon-box-wrapper\">\n\n\t\t\t\t\t\t<div class=\"elementor-icon-box-icon\">\n\t\t\t\t<span  class=\"elementor-icon\">\n\t\t\t\t<i aria-hidden=\"true\" class=\"fas fa-dot-circle\"><\/i>\t\t\t\t<\/span>\n\t\t\t<\/div>\n\t\t\t\n\t\t\t\t\t\t<div class=\"elementor-icon-box-content\">\n\n\t\t\t\t\t\t\t\t\t<h3 class=\"elementor-icon-box-title\">\n\t\t\t\t\t\t<span  >\n\t\t\t\t\t\t\tUbicaci\u00f3n\t\t\t\t\t\t<\/span>\n\t\t\t\t\t<\/h3>\n\t\t\t\t\n\t\t\t\t\n\t\t\t<\/div>\n\t\t\t\n\t\t<\/div>\n\t\t\t\t\t\t<\/div>\n\t\t\t\t<\/div>\n\t\t\t\t<div class=\"elementor-element elementor-element-7109f20 elementor-widget elementor-widget-google_maps\" data-id=\"7109f20\" data-element_type=\"widget\" data-widget_type=\"google_maps.default\">\n\t\t\t\t<div class=\"elementor-widget-container\">\n\t\t\t\t\t\t\t<div class=\"elementor-custom-embed\">\n\t\t\t<iframe loading=\"lazy\"\n\t\t\t\t\tsrc=\"https:\/\/maps.google.com\/maps?q=uvm%20merida&#038;t=m&#038;z=15&#038;output=embed&#038;iwloc=near\"\n\t\t\t\t\ttitle=\"uvm merida\"\n\t\t\t\t\taria-label=\"uvm merida\"\n\t\t\t><\/iframe>\n\t\t<\/div>\n\t\t\t\t\t\t<\/div>\n\t\t\t\t<\/div>\n\t\t\t\t\t<\/div>\n\t\t<\/div>\n\t\t\t\t\t<\/div>\n\t\t<\/section>\n\t\t\t\t<\/div>\n\t\t","protected":false},"excerpt":{"rendered":"<p>Regresar Biblioteca UVM M\u00e9rida Encuentra toda la informaci\u00f3n de tu Biblioteca UVM Equipo de Bibliotecarios UVM Coordinadora de Biblioteca M\u00e9rida Mar\u00eda Magdalena [&hellip;]<\/p>\n","protected":false},"author":5,"featured_media":0,"parent":0,"menu_order":0,"comment_status":"closed","ping_status":"closed","template":"elementor_header_footer","meta":{"_acf_changed":false,"_eb_attr":"","om_disable_all_campaigns":false,"_monsterinsights_skip_tracking":false,"_monsterinsights_sitenote_active":false,"_monsterinsights_sitenote_note":"","_monsterinsights_sitenote_category":0,"footnotes":""},"class_list":["post-7699","page","type-page","status-publish","hentry"],"acf":[],"aioseo_notices":[],"_links":{"self":[{"href":"https:\/\/bibliotecas.uvmnet.edu\/portico\/gui\/index.php\/wp-json\/wp\/v2\/pages\/7699","targetHints":{"allow":["GET"]}}],"collection":[{"href":"https:\/\/bibliotecas.uvmnet.edu\/portico\/gui\/index.php\/wp-json\/wp\/v2\/pages"}],"about":[{"href":"https:\/\/bibliotecas.uvmnet.edu\/portico\/gui\/index.php\/wp-json\/wp\/v2\/types\/page"}],"author":[{"embeddable":true,"href":"https:\/\/bibliotecas.uvmnet.edu\/portico\/gui\/index.php\/wp-json\/wp\/v2\/users\/5"}],"replies":[{"embeddable":true,"href":"https:\/\/bibliotecas.uvmnet.edu\/portico\/gui\/index.php\/wp-json\/wp\/v2\/comments?post=7699"}],"version-history":[{"count":12,"href":"https:\/\/bibliotecas.uvmnet.edu\/portico\/gui\/index.php\/wp-json\/wp\/v2\/pages\/7699\/revisions"}],"predecessor-version":[{"id":9055,"href":"https:\/\/bibliotecas.uvmnet.edu\/portico\/gui\/index.php\/wp-json\/wp\/v2\/pages\/7699\/revisions\/9055"}],"wp:attachment":[{"href":"https:\/\/bibliotecas.uvmnet.edu\/portico\/gui\/index.php\/wp-json\/wp\/v2\/media?parent=7699"}],"curies":[{"name":"wp","href":"https:\/\/api.w.org\/{rel}","templated":true}]}}